{"id":2136,"date":"2026-03-30T09:37:17","date_gmt":"2026-03-30T09:37:17","guid":{"rendered":"http:\/\/www.grandyaylaotel.com\/?page_id=2136"},"modified":"2026-03-30T09:46:40","modified_gmt":"2026-03-30T09:46:40","slug":"politikalar","status":"publish","type":"page","link":"http:\/\/www.grandyaylaotel.com\/?page_id=2136","title":{"rendered":"Politikalar"},"content":{"rendered":"\n<figure class=\"wp-block-gallery has-nested-images columns-default is-cropped wp-block-gallery-1 is-layout-flex wp-block-gallery-is-layout-flex\">\n<figure class=\"wp-block-image size-large\"><a href=\"http:\/\/www.grandyaylaotel.com\/wp-content\/uploads\/2026\/03\/1-scaled.jpeg\"><img loading=\"lazy\" decoding=\"async\" width=\"915\" height=\"1024\" data-id=\"2137\" src=\"http:\/\/www.grandyaylaotel.com\/wp-content\/uploads\/2026\/03\/1-915x1024.jpeg\" alt=\"\" class=\"wp-image-2137\" srcset=\"http:\/\/www.grandyaylaotel.com\/wp-content\/uploads\/2026\/03\/1-915x1024.jpeg 915w, http:\/\/www.grandyaylaotel.com\/wp-content\/uploads\/2026\/03\/1-268x300.jpeg 268w, http:\/\/www.grandyaylaotel.com\/wp-content\/uploads\/2026\/03\/1-768x860.jpeg 768w, http:\/\/www.grandyaylaotel.com\/wp-content\/uploads\/2026\/03\/1-1372x1536.jpeg 1372w, http:\/\/www.grandyaylaotel.com\/wp-content\/uploads\/2026\/03\/1-1830x2048.jpeg 1830w, http:\/\/www.grandyaylaotel.com\/wp-content\/uploads\/2026\/03\/1-1600x1791.jpeg 1600w\" sizes=\"auto, (max-width: 915px) 100vw, 915px\" \/><\/a><\/figure>\n\n\n\n<figure class=\"wp-block-image size-large\"><a href=\"http:\/\/www.grandyaylaotel.com\/wp-content\/uploads\/2026\/03\/1-1-scaled.jpeg\"><img loading=\"lazy\" decoding=\"async\" width=\"915\" height=\"1024\" data-id=\"2140\" src=\"http:\/\/www.grandyaylaotel.com\/wp-content\/uploads\/2026\/03\/1-1-915x1024.jpeg\" alt=\"\" class=\"wp-image-2140\" srcset=\"http:\/\/www.grandyaylaotel.com\/wp-content\/uploads\/2026\/03\/1-1-915x1024.jpeg 915w, http:\/\/www.grandyaylaotel.com\/wp-content\/uploads\/2026\/03\/1-1-268x300.jpeg 268w, http:\/\/www.grandyaylaotel.com\/wp-content\/uploads\/2026\/03\/1-1-768x860.jpeg 768w, http:\/\/www.grandyaylaotel.com\/wp-content\/uploads\/2026\/03\/1-1-1372x1536.jpeg 1372w, http:\/\/www.grandyaylaotel.com\/wp-content\/uploads\/2026\/03\/1-1-1830x2048.jpeg 1830w, http:\/\/www.grandyaylaotel.com\/wp-content\/uploads\/2026\/03\/1-1-1600x1791.jpeg 1600w\" sizes=\"auto, (max-width: 915px) 100vw, 915px\" \/><\/a><\/figure>\n\n\n\n<figure class=\"wp-block-image size-large\"><a href=\"http:\/\/www.grandyaylaotel.com\/wp-content\/uploads\/2026\/03\/2.jpeg\"><img loading=\"lazy\" decoding=\"async\" width=\"1024\" height=\"989\" data-id=\"2141\" src=\"http:\/\/www.grandyaylaotel.com\/wp-content\/uploads\/2026\/03\/2-1024x989.jpeg\" alt=\"\" class=\"wp-image-2141\" srcset=\"http:\/\/www.grandyaylaotel.com\/wp-content\/uploads\/2026\/03\/2-1024x989.jpeg 1024w, http:\/\/www.grandyaylaotel.com\/wp-content\/uploads\/2026\/03\/2-300x290.jpeg 300w, http:\/\/www.grandyaylaotel.com\/wp-content\/uploads\/2026\/03\/2-768x742.jpeg 768w, http:\/\/www.grandyaylaotel.com\/wp-content\/uploads\/2026\/03\/2-1536x1483.jpeg 1536w, http:\/\/www.grandyaylaotel.com\/wp-content\/uploads\/2026\/03\/2-2048x1977.jpeg 2048w, http:\/\/www.grandyaylaotel.com\/wp-content\/uploads\/2026\/03\/2-1600x1545.jpeg 1600w\" sizes=\"auto, (max-width: 1024px) 100vw, 1024px\" \/><\/a><\/figure>\n\n\n\n<figure class=\"wp-block-image size-large\"><a href=\"http:\/\/www.grandyaylaotel.com\/wp-content\/uploads\/2026\/03\/3-scaled.jpeg\"><img loading=\"lazy\" decoding=\"async\" width=\"910\" height=\"1024\" data-id=\"2142\" src=\"http:\/\/www.grandyaylaotel.com\/wp-content\/uploads\/2026\/03\/3-910x1024.jpeg\" alt=\"\" class=\"wp-image-2142\" srcset=\"http:\/\/www.grandyaylaotel.com\/wp-content\/uploads\/2026\/03\/3-910x1024.jpeg 910w, http:\/\/www.grandyaylaotel.com\/wp-content\/uploads\/2026\/03\/3-267x300.jpeg 267w, http:\/\/www.grandyaylaotel.com\/wp-content\/uploads\/2026\/03\/3-768x864.jpeg 768w, http:\/\/www.grandyaylaotel.com\/wp-content\/uploads\/2026\/03\/3-1366x1536.jpeg 1366w, http:\/\/www.grandyaylaotel.com\/wp-content\/uploads\/2026\/03\/3-1821x2048.jpeg 1821w, http:\/\/www.grandyaylaotel.com\/wp-content\/uploads\/2026\/03\/3-1600x1800.jpeg 1600w\" sizes=\"auto, (max-width: 910px) 100vw, 910px\" \/><\/a><\/figure>\n\n\n\n<figure class=\"wp-block-image size-large\"><a href=\"http:\/\/www.grandyaylaotel.com\/wp-content\/uploads\/2026\/03\/4-scaled.jpeg\"><img loading=\"lazy\" decoding=\"async\" width=\"892\" height=\"1024\" data-id=\"2143\" src=\"http:\/\/www.grandyaylaotel.com\/wp-content\/uploads\/2026\/03\/4-892x1024.jpeg\" alt=\"\" class=\"wp-image-2143\" srcset=\"http:\/\/www.grandyaylaotel.com\/wp-content\/uploads\/2026\/03\/4-892x1024.jpeg 892w, http:\/\/www.grandyaylaotel.com\/wp-content\/uploads\/2026\/03\/4-261x300.jpeg 261w, http:\/\/www.grandyaylaotel.com\/wp-content\/uploads\/2026\/03\/4-768x881.jpeg 768w, http:\/\/www.grandyaylaotel.com\/wp-content\/uploads\/2026\/03\/4-1338x1536.jpeg 1338w, http:\/\/www.grandyaylaotel.com\/wp-content\/uploads\/2026\/03\/4-1784x2048.jpeg 1784w, http:\/\/www.grandyaylaotel.com\/wp-content\/uploads\/2026\/03\/4-1600x1836.jpeg 1600w\" sizes=\"auto, (max-width: 892px) 100vw, 892px\" \/><\/a><\/figure>\n\n\n\n<figure class=\"wp-block-image size-large\"><a href=\"http:\/\/www.grandyaylaotel.com\/wp-content\/uploads\/2026\/03\/5-scaled.jpeg\"><img loading=\"lazy\" decoding=\"async\" width=\"856\" height=\"1024\" data-id=\"2144\" src=\"http:\/\/www.grandyaylaotel.com\/wp-content\/uploads\/2026\/03\/5-856x1024.jpeg\" alt=\"\" class=\"wp-image-2144\" srcset=\"http:\/\/www.grandyaylaotel.com\/wp-content\/uploads\/2026\/03\/5-856x1024.jpeg 856w, http:\/\/www.grandyaylaotel.com\/wp-content\/uploads\/2026\/03\/5-251x300.jpeg 251w, http:\/\/www.grandyaylaotel.com\/wp-content\/uploads\/2026\/03\/5-768x919.jpeg 768w, http:\/\/www.grandyaylaotel.com\/wp-content\/uploads\/2026\/03\/5-1283x1536.jpeg 1283w, http:\/\/www.grandyaylaotel.com\/wp-content\/uploads\/2026\/03\/5-1711x2048.jpeg 1711w, http:\/\/www.grandyaylaotel.com\/wp-content\/uploads\/2026\/03\/5-1600x1915.jpeg 1600w\" sizes=\"auto, (max-width: 856px) 100vw, 856px\" \/><\/a><\/figure>\n\n\n\n<figure class=\"wp-block-image size-large\"><a href=\"http:\/\/www.grandyaylaotel.com\/wp-content\/uploads\/2026\/03\/6-scaled.jpeg\"><img loading=\"lazy\" decoding=\"async\" width=\"745\" height=\"1024\" data-id=\"2145\" src=\"http:\/\/www.grandyaylaotel.com\/wp-content\/uploads\/2026\/03\/6-745x1024.jpeg\" alt=\"\" class=\"wp-image-2145\" srcset=\"http:\/\/www.grandyaylaotel.com\/wp-content\/uploads\/2026\/03\/6-745x1024.jpeg 745w, http:\/\/www.grandyaylaotel.com\/wp-content\/uploads\/2026\/03\/6-218x300.jpeg 218w, http:\/\/www.grandyaylaotel.com\/wp-content\/uploads\/2026\/03\/6-768x1056.jpeg 768w, http:\/\/www.grandyaylaotel.com\/wp-content\/uploads\/2026\/03\/6-1117x1536.jpeg 1117w, http:\/\/www.grandyaylaotel.com\/wp-content\/uploads\/2026\/03\/6-1489x2048.jpeg 1489w, http:\/\/www.grandyaylaotel.com\/wp-content\/uploads\/2026\/03\/6-1600x2201.jpeg 1600w, http:\/\/www.grandyaylaotel.com\/wp-content\/uploads\/2026\/03\/6-scaled.jpeg 1861w\" sizes=\"auto, (max-width: 745px) 100vw, 745px\" \/><\/a><\/figure>\n\n\n\n<figure class=\"wp-block-image size-large\"><a href=\"http:\/\/www.grandyaylaotel.com\/wp-content\/uploads\/2026\/03\/7-scaled.jpeg\"><img loading=\"lazy\" decoding=\"async\" width=\"745\" height=\"1024\" data-id=\"2146\" src=\"http:\/\/www.grandyaylaotel.com\/wp-content\/uploads\/2026\/03\/7-745x1024.jpeg\" alt=\"\" class=\"wp-image-2146\" srcset=\"http:\/\/www.grandyaylaotel.com\/wp-content\/uploads\/2026\/03\/7-745x1024.jpeg 745w, http:\/\/www.grandyaylaotel.com\/wp-content\/uploads\/2026\/03\/7-218x300.jpeg 218w, http:\/\/www.grandyaylaotel.com\/wp-content\/uploads\/2026\/03\/7-768x1056.jpeg 768w, http:\/\/www.grandyaylaotel.com\/wp-content\/uploads\/2026\/03\/7-1117x1536.jpeg 1117w, http:\/\/www.grandyaylaotel.com\/wp-content\/uploads\/2026\/03\/7-1489x2048.jpeg 1489w, http:\/\/www.grandyaylaotel.com\/wp-content\/uploads\/2026\/03\/7-1600x2201.jpeg 1600w, http:\/\/www.grandyaylaotel.com\/wp-content\/uploads\/2026\/03\/7-scaled.jpeg 1861w\" sizes=\"auto, (max-width: 745px) 100vw, 745px\" \/><\/a><\/figure>\n\n\n\n<figure class=\"wp-block-image size-large\"><a href=\"http:\/\/www.grandyaylaotel.com\/wp-content\/uploads\/2026\/03\/8-scaled.jpeg\"><img loading=\"lazy\" decoding=\"async\" width=\"745\" height=\"1024\" data-id=\"2147\" src=\"http:\/\/www.grandyaylaotel.com\/wp-content\/uploads\/2026\/03\/8-745x1024.jpeg\" alt=\"\" class=\"wp-image-2147\" srcset=\"http:\/\/www.grandyaylaotel.com\/wp-content\/uploads\/2026\/03\/8-745x1024.jpeg 745w, http:\/\/www.grandyaylaotel.com\/wp-content\/uploads\/2026\/03\/8-218x300.jpeg 218w, http:\/\/www.grandyaylaotel.com\/wp-content\/uploads\/2026\/03\/8-768x1056.jpeg 768w, http:\/\/www.grandyaylaotel.com\/wp-content\/uploads\/2026\/03\/8-1117x1536.jpeg 1117w, http:\/\/www.grandyaylaotel.com\/wp-content\/uploads\/2026\/03\/8-1489x2048.jpeg 1489w, http:\/\/www.grandyaylaotel.com\/wp-content\/uploads\/2026\/03\/8-1600x2201.jpeg 1600w, http:\/\/www.grandyaylaotel.com\/wp-content\/uploads\/2026\/03\/8-scaled.jpeg 1861w\" sizes=\"auto, (max-width: 745px) 100vw, 745px\" \/><\/a><\/figure>\n\n\n\n<figure class=\"wp-block-image size-large\"><a href=\"http:\/\/www.grandyaylaotel.com\/wp-content\/uploads\/2026\/03\/9-scaled.jpeg\"><img loading=\"lazy\" decoding=\"async\" width=\"745\" height=\"1024\" data-id=\"2148\" src=\"http:\/\/www.grandyaylaotel.com\/wp-content\/uploads\/2026\/03\/9-745x1024.jpeg\" alt=\"\" class=\"wp-image-2148\" srcset=\"http:\/\/www.grandyaylaotel.com\/wp-content\/uploads\/2026\/03\/9-745x1024.jpeg 745w, http:\/\/www.grandyaylaotel.com\/wp-content\/uploads\/2026\/03\/9-218x300.jpeg 218w, http:\/\/www.grandyaylaotel.com\/wp-content\/uploads\/2026\/03\/9-768x1056.jpeg 768w, http:\/\/www.grandyaylaotel.com\/wp-content\/uploads\/2026\/03\/9-1117x1536.jpeg 1117w, http:\/\/www.grandyaylaotel.com\/wp-content\/uploads\/2026\/03\/9-1489x2048.jpeg 1489w, http:\/\/www.grandyaylaotel.com\/wp-content\/uploads\/2026\/03\/9-1600x2201.jpeg 1600w, http:\/\/www.grandyaylaotel.com\/wp-content\/uploads\/2026\/03\/9-scaled.jpeg 1861w\" sizes=\"auto, (max-width: 745px) 100vw, 745px\" \/><\/a><\/figure>\n\n\n\n<figure class=\"wp-block-image size-large\"><a href=\"http:\/\/www.grandyaylaotel.com\/wp-content\/uploads\/2026\/03\/10-scaled.jpeg\"><img loading=\"lazy\" decoding=\"async\" width=\"745\" height=\"1024\" data-id=\"2149\" src=\"http:\/\/www.grandyaylaotel.com\/wp-content\/uploads\/2026\/03\/10-745x1024.jpeg\" alt=\"\" class=\"wp-image-2149\" srcset=\"http:\/\/www.grandyaylaotel.com\/wp-content\/uploads\/2026\/03\/10-745x1024.jpeg 745w, http:\/\/www.grandyaylaotel.com\/wp-content\/uploads\/2026\/03\/10-218x300.jpeg 218w, http:\/\/www.grandyaylaotel.com\/wp-content\/uploads\/2026\/03\/10-768x1056.jpeg 768w, http:\/\/www.grandyaylaotel.com\/wp-content\/uploads\/2026\/03\/10-1117x1536.jpeg 1117w, http:\/\/www.grandyaylaotel.com\/wp-content\/uploads\/2026\/03\/10-1489x2048.jpeg 1489w, http:\/\/www.grandyaylaotel.com\/wp-content\/uploads\/2026\/03\/10-1600x2201.jpeg 1600w, http:\/\/www.grandyaylaotel.com\/wp-content\/uploads\/2026\/03\/10-scaled.jpeg 1861w\" sizes=\"auto, (max-width: 745px) 100vw, 745px\" \/><\/a><\/figure>\n\n\n\n<figure class=\"wp-block-image size-large\"><a href=\"http:\/\/www.grandyaylaotel.com\/wp-content\/uploads\/2026\/03\/11-scaled.jpeg\"><img loading=\"lazy\" decoding=\"async\" width=\"745\" height=\"1024\" data-id=\"2150\" src=\"http:\/\/www.grandyaylaotel.com\/wp-content\/uploads\/2026\/03\/11-745x1024.jpeg\" alt=\"\" class=\"wp-image-2150\" srcset=\"http:\/\/www.grandyaylaotel.com\/wp-content\/uploads\/2026\/03\/11-745x1024.jpeg 745w, http:\/\/www.grandyaylaotel.com\/wp-content\/uploads\/2026\/03\/11-218x300.jpeg 218w, http:\/\/www.grandyaylaotel.com\/wp-content\/uploads\/2026\/03\/11-768x1056.jpeg 768w, http:\/\/www.grandyaylaotel.com\/wp-content\/uploads\/2026\/03\/11-1117x1536.jpeg 1117w, http:\/\/www.grandyaylaotel.com\/wp-content\/uploads\/2026\/03\/11-1489x2048.jpeg 1489w, http:\/\/www.grandyaylaotel.com\/wp-content\/uploads\/2026\/03\/11-1600x2201.jpeg 1600w, http:\/\/www.grandyaylaotel.com\/wp-content\/uploads\/2026\/03\/11-scaled.jpeg 1861w\" sizes=\"auto, (max-width: 745px) 100vw, 745px\" \/><\/a><\/figure>\n\n\n\n<figure class=\"wp-block-image size-large\"><a href=\"http:\/\/www.grandyaylaotel.com\/wp-content\/uploads\/2026\/03\/12-scaled.jpeg\"><img loading=\"lazy\" decoding=\"async\" width=\"745\" height=\"1024\" data-id=\"2151\" src=\"http:\/\/www.grandyaylaotel.com\/wp-content\/uploads\/2026\/03\/12-745x1024.jpeg\" alt=\"\" class=\"wp-image-2151\" srcset=\"http:\/\/www.grandyaylaotel.com\/wp-content\/uploads\/2026\/03\/12-745x1024.jpeg 745w, http:\/\/www.grandyaylaotel.com\/wp-content\/uploads\/2026\/03\/12-218x300.jpeg 218w, http:\/\/www.grandyaylaotel.com\/wp-content\/uploads\/2026\/03\/12-768x1056.jpeg 768w, http:\/\/www.grandyaylaotel.com\/wp-content\/uploads\/2026\/03\/12-1117x1536.jpeg 1117w, http:\/\/www.grandyaylaotel.com\/wp-content\/uploads\/2026\/03\/12-1489x2048.jpeg 1489w, http:\/\/www.grandyaylaotel.com\/wp-content\/uploads\/2026\/03\/12-1600x2201.jpeg 1600w, http:\/\/www.grandyaylaotel.com\/wp-content\/uploads\/2026\/03\/12-scaled.jpeg 1861w\" sizes=\"auto, (max-width: 745px) 100vw, 745px\" \/><\/a><\/figure>\n\n\n\n<figure class=\"wp-block-image size-large\"><a href=\"http:\/\/www.grandyaylaotel.com\/wp-content\/uploads\/2026\/03\/13-scaled.jpeg\"><img loading=\"lazy\" decoding=\"async\" width=\"745\" height=\"1024\" data-id=\"2153\" src=\"http:\/\/www.grandyaylaotel.com\/wp-content\/uploads\/2026\/03\/13-745x1024.jpeg\" alt=\"\" class=\"wp-image-2153\" srcset=\"http:\/\/www.grandyaylaotel.com\/wp-content\/uploads\/2026\/03\/13-745x1024.jpeg 745w, http:\/\/www.grandyaylaotel.com\/wp-content\/uploads\/2026\/03\/13-218x300.jpeg 218w, http:\/\/www.grandyaylaotel.com\/wp-content\/uploads\/2026\/03\/13-768x1056.jpeg 768w, http:\/\/www.grandyaylaotel.com\/wp-content\/uploads\/2026\/03\/13-1117x1536.jpeg 1117w, http:\/\/www.grandyaylaotel.com\/wp-content\/uploads\/2026\/03\/13-1489x2048.jpeg 1489w, http:\/\/www.grandyaylaotel.com\/wp-content\/uploads\/2026\/03\/13-1600x2201.jpeg 1600w, http:\/\/www.grandyaylaotel.com\/wp-content\/uploads\/2026\/03\/13-scaled.jpeg 1861w\" sizes=\"auto, (max-width: 745px) 100vw, 745px\" \/><\/a><\/figure>\n\n\n\n<figure class=\"wp-block-image size-large\"><a href=\"http:\/\/www.grandyaylaotel.com\/wp-content\/uploads\/2026\/03\/14-scaled.jpeg\"><img loading=\"lazy\" decoding=\"async\" width=\"745\" height=\"1024\" data-id=\"2152\" src=\"http:\/\/www.grandyaylaotel.com\/wp-content\/uploads\/2026\/03\/14-745x1024.jpeg\" alt=\"\" class=\"wp-image-2152\" srcset=\"http:\/\/www.grandyaylaotel.com\/wp-content\/uploads\/2026\/03\/14-745x1024.jpeg 745w, http:\/\/www.grandyaylaotel.com\/wp-content\/uploads\/2026\/03\/14-218x300.jpeg 218w, http:\/\/www.grandyaylaotel.com\/wp-content\/uploads\/2026\/03\/14-768x1056.jpeg 768w, http:\/\/www.grandyaylaotel.com\/wp-content\/uploads\/2026\/03\/14-1117x1536.jpeg 1117w, http:\/\/www.grandyaylaotel.com\/wp-content\/uploads\/2026\/03\/14-1489x2048.jpeg 1489w, http:\/\/www.grandyaylaotel.com\/wp-content\/uploads\/2026\/03\/14-1600x2201.jpeg 1600w, http:\/\/www.grandyaylaotel.com\/wp-content\/uploads\/2026\/03\/14-scaled.jpeg 1861w\" sizes=\"auto, (max-width: 745px) 100vw, 745px\" \/><\/a><\/figure>\n<\/figure>\n","protected":false},"excerpt":{"rendered":"","protected":false},"author":4,"featured_media":0,"parent":0,"menu_order":0,"comment_status":"closed","ping_status":"closed","template":"","meta":{"ngg_post_thumbnail":0,"footnotes":""},"class_list":["post-2136","page","type-page","status-publish","hentry"],"yoast_head":"<!-- This site is optimized with the Yoast SEO plugin v27.5 - https:\/\/yoast.com\/product\/yoast-seo-wordpress\/ -->\n<title>Politikalar - Grand Yayla Otel<\/title>\n<meta name=\"description\" content=\"Politikalar\u0131m\u0131z\" \/>\n<meta name=\"robots\" content=\"index, follow, max-snippet:-1, max-image-preview:large, max-video-preview:-1\" \/>\n<link rel=\"canonical\" href=\"http:\/\/www.grandyaylaotel.com\/?page_id=2136\" \/>\n<meta property=\"og:locale\" content=\"tr_TR\" \/>\n<meta property=\"og:type\" content=\"article\" \/>\n<meta property=\"og:title\" content=\"Politikalar - Grand Yayla Otel\" \/>\n<meta property=\"og:description\" content=\"Politikalar\u0131m\u0131z\" \/>\n<meta property=\"og:url\" content=\"http:\/\/www.grandyaylaotel.com\/?page_id=2136\" \/>\n<meta property=\"og:site_name\" content=\"Grand Yayla Otel\" \/>\n<meta property=\"article:modified_time\" content=\"2026-03-30T09:46:40+00:00\" \/>\n<meta property=\"og:image\" content=\"http:\/\/www.grandyaylaotel.com\/wp-content\/uploads\/2026\/03\/1-scaled.jpeg\" \/>\n\t<meta property=\"og:image:width\" content=\"2287\" \/>\n\t<meta property=\"og:image:height\" content=\"2560\" \/>\n\t<meta property=\"og:image:type\" content=\"image\/jpeg\" \/>\n<meta name=\"twitter:card\" content=\"summary_large_image\" \/>\n<meta name=\"twitter:label1\" content=\"Tahmini okuma s\u00fcresi\" \/>\n\t<meta name=\"twitter:data1\" content=\"3 dakika\" \/>\n<script type=\"application\/ld+json\" class=\"yoast-schema-graph\">{\"@context\":\"https:\\\/\\\/schema.org\",\"@graph\":[{\"@type\":\"WebPage\",\"@id\":\"http:\\\/\\\/www.grandyaylaotel.com\\\/?page_id=2136\",\"url\":\"http:\\\/\\\/www.grandyaylaotel.com\\\/?page_id=2136\",\"name\":\"Politikalar - Grand Yayla Otel\",\"isPartOf\":{\"@id\":\"http:\\\/\\\/www.grandyaylaotel.com\\\/#website\"},\"primaryImageOfPage\":{\"@id\":\"http:\\\/\\\/www.grandyaylaotel.com\\\/?page_id=2136#primaryimage\"},\"image\":{\"@id\":\"http:\\\/\\\/www.grandyaylaotel.com\\\/?page_id=2136#primaryimage\"},\"thumbnailUrl\":\"http:\\\/\\\/www.grandyaylaotel.com\\\/wp-content\\\/uploads\\\/2026\\\/03\\\/1-915x1024.jpeg\",\"datePublished\":\"2026-03-30T09:37:17+00:00\",\"dateModified\":\"2026-03-30T09:46:40+00:00\",\"description\":\"Politikalar\u0131m\u0131z\",\"breadcrumb\":{\"@id\":\"http:\\\/\\\/www.grandyaylaotel.com\\\/?page_id=2136#breadcrumb\"},\"inLanguage\":\"tr\",\"potentialAction\":[{\"@type\":\"ReadAction\",\"target\":[\"http:\\\/\\\/www.grandyaylaotel.com\\\/?page_id=2136\"]}]},{\"@type\":\"ImageObject\",\"inLanguage\":\"tr\",\"@id\":\"http:\\\/\\\/www.grandyaylaotel.com\\\/?page_id=2136#primaryimage\",\"url\":\"http:\\\/\\\/www.grandyaylaotel.com\\\/wp-content\\\/uploads\\\/2026\\\/03\\\/1-scaled.jpeg\",\"contentUrl\":\"http:\\\/\\\/www.grandyaylaotel.com\\\/wp-content\\\/uploads\\\/2026\\\/03\\\/1-scaled.jpeg\",\"width\":2287,\"height\":2560},{\"@type\":\"BreadcrumbList\",\"@id\":\"http:\\\/\\\/www.grandyaylaotel.com\\\/?page_id=2136#breadcrumb\",\"itemListElement\":[{\"@type\":\"ListItem\",\"position\":1,\"name\":\"Anasayfa\",\"item\":\"http:\\\/\\\/www.grandyaylaotel.com\\\/\"},{\"@type\":\"ListItem\",\"position\":2,\"name\":\"Politikalar\"}]},{\"@type\":\"WebSite\",\"@id\":\"http:\\\/\\\/www.grandyaylaotel.com\\\/#website\",\"url\":\"http:\\\/\\\/www.grandyaylaotel.com\\\/\",\"name\":\"\u00c7e\u015fme Grand Yayla Otel\",\"description\":\"&Ccedil;E\u015eME \\\/ \u0130ZM\u0130R\",\"publisher\":{\"@id\":\"http:\\\/\\\/www.grandyaylaotel.com\\\/#organization\"},\"potentialAction\":[{\"@type\":\"SearchAction\",\"target\":{\"@type\":\"EntryPoint\",\"urlTemplate\":\"http:\\\/\\\/www.grandyaylaotel.com\\\/?s={search_term_string}\"},\"query-input\":{\"@type\":\"PropertyValueSpecification\",\"valueRequired\":true,\"valueName\":\"search_term_string\"}}],\"inLanguage\":\"tr\"},{\"@type\":\"Organization\",\"@id\":\"http:\\\/\\\/www.grandyaylaotel.com\\\/#organization\",\"name\":\"\u00c7e\u015fme Grand Yayla Otel\",\"url\":\"http:\\\/\\\/www.grandyaylaotel.com\\\/\",\"logo\":{\"@type\":\"ImageObject\",\"inLanguage\":\"tr\",\"@id\":\"http:\\\/\\\/www.grandyaylaotel.com\\\/#\\\/schema\\\/logo\\\/image\\\/\",\"url\":\"http:\\\/\\\/www.grandyaylaotel.com\\\/wp-content\\\/uploads\\\/2019\\\/02\\\/cropped-logo.png\",\"contentUrl\":\"http:\\\/\\\/www.grandyaylaotel.com\\\/wp-content\\\/uploads\\\/2019\\\/02\\\/cropped-logo.png\",\"width\":1800,\"height\":800,\"caption\":\"\u00c7e\u015fme Grand Yayla Otel\"},\"image\":{\"@id\":\"http:\\\/\\\/www.grandyaylaotel.com\\\/#\\\/schema\\\/logo\\\/image\\\/\"}}]}<\/script>\n<!-- \/ Yoast SEO plugin. -->","yoast_head_json":{"title":"Politikalar - Grand Yayla Otel","description":"Politikalar\u0131m\u0131z","robots":{"index":"index","follow":"follow","max-snippet":"max-snippet:-1","max-image-preview":"max-image-preview:large","max-video-preview":"max-video-preview:-1"},"canonical":"http:\/\/www.grandyaylaotel.com\/?page_id=2136","og_locale":"tr_TR","og_type":"article","og_title":"Politikalar - Grand Yayla Otel","og_description":"Politikalar\u0131m\u0131z","og_url":"http:\/\/www.grandyaylaotel.com\/?page_id=2136","og_site_name":"Grand Yayla Otel","article_modified_time":"2026-03-30T09:46:40+00:00","og_image":[{"width":2287,"height":2560,"url":"http:\/\/www.grandyaylaotel.com\/wp-content\/uploads\/2026\/03\/1-scaled.jpeg","type":"image\/jpeg"}],"twitter_card":"summary_large_image","twitter_misc":{"Tahmini okuma s\u00fcresi":"3 dakika"},"schema":{"@context":"https:\/\/schema.org","@graph":[{"@type":"WebPage","@id":"http:\/\/www.grandyaylaotel.com\/?page_id=2136","url":"http:\/\/www.grandyaylaotel.com\/?page_id=2136","name":"Politikalar - Grand Yayla Otel","isPartOf":{"@id":"http:\/\/www.grandyaylaotel.com\/#website"},"primaryImageOfPage":{"@id":"http:\/\/www.grandyaylaotel.com\/?page_id=2136#primaryimage"},"image":{"@id":"http:\/\/www.grandyaylaotel.com\/?page_id=2136#primaryimage"},"thumbnailUrl":"http:\/\/www.grandyaylaotel.com\/wp-content\/uploads\/2026\/03\/1-915x1024.jpeg","datePublished":"2026-03-30T09:37:17+00:00","dateModified":"2026-03-30T09:46:40+00:00","description":"Politikalar\u0131m\u0131z","breadcrumb":{"@id":"http:\/\/www.grandyaylaotel.com\/?page_id=2136#breadcrumb"},"inLanguage":"tr","potentialAction":[{"@type":"ReadAction","target":["http:\/\/www.grandyaylaotel.com\/?page_id=2136"]}]},{"@type":"ImageObject","inLanguage":"tr","@id":"http:\/\/www.grandyaylaotel.com\/?page_id=2136#primaryimage","url":"http:\/\/www.grandyaylaotel.com\/wp-content\/uploads\/2026\/03\/1-scaled.jpeg","contentUrl":"http:\/\/www.grandyaylaotel.com\/wp-content\/uploads\/2026\/03\/1-scaled.jpeg","width":2287,"height":2560},{"@type":"BreadcrumbList","@id":"http:\/\/www.grandyaylaotel.com\/?page_id=2136#breadcrumb","itemListElement":[{"@type":"ListItem","position":1,"name":"Anasayfa","item":"http:\/\/www.grandyaylaotel.com\/"},{"@type":"ListItem","position":2,"name":"Politikalar"}]},{"@type":"WebSite","@id":"http:\/\/www.grandyaylaotel.com\/#website","url":"http:\/\/www.grandyaylaotel.com\/","name":"\u00c7e\u015fme Grand Yayla Otel","description":"&Ccedil;E\u015eME \/ \u0130ZM\u0130R","publisher":{"@id":"http:\/\/www.grandyaylaotel.com\/#organization"},"potentialAction":[{"@type":"SearchAction","target":{"@type":"EntryPoint","urlTemplate":"http:\/\/www.grandyaylaotel.com\/?s={search_term_string}"},"query-input":{"@type":"PropertyValueSpecification","valueRequired":true,"valueName":"search_term_string"}}],"inLanguage":"tr"},{"@type":"Organization","@id":"http:\/\/www.grandyaylaotel.com\/#organization","name":"\u00c7e\u015fme Grand Yayla Otel","url":"http:\/\/www.grandyaylaotel.com\/","logo":{"@type":"ImageObject","inLanguage":"tr","@id":"http:\/\/www.grandyaylaotel.com\/#\/schema\/logo\/image\/","url":"http:\/\/www.grandyaylaotel.com\/wp-content\/uploads\/2019\/02\/cropped-logo.png","contentUrl":"http:\/\/www.grandyaylaotel.com\/wp-content\/uploads\/2019\/02\/cropped-logo.png","width":1800,"height":800,"caption":"\u00c7e\u015fme Grand Yayla Otel"},"image":{"@id":"http:\/\/www.grandyaylaotel.com\/#\/schema\/logo\/image\/"}}]}},"_links":{"self":[{"href":"http:\/\/www.grandyaylaotel.com\/index.php?rest_route=\/wp\/v2\/pages\/2136","targetHints":{"allow":["GET"]}}],"collection":[{"href":"http:\/\/www.grandyaylaotel.com\/index.php?rest_route=\/wp\/v2\/pages"}],"about":[{"href":"http:\/\/www.grandyaylaotel.com\/index.php?rest_route=\/wp\/v2\/types\/page"}],"author":[{"embeddable":true,"href":"http:\/\/www.grandyaylaotel.com\/index.php?rest_route=\/wp\/v2\/users\/4"}],"replies":[{"embeddable":true,"href":"http:\/\/www.grandyaylaotel.com\/index.php?rest_route=%2Fwp%2Fv2%2Fcomments&post=2136"}],"version-history":[{"count":2,"href":"http:\/\/www.grandyaylaotel.com\/index.php?rest_route=\/wp\/v2\/pages\/2136\/revisions"}],"predecessor-version":[{"id":2154,"href":"http:\/\/www.grandyaylaotel.com\/index.php?rest_route=\/wp\/v2\/pages\/2136\/revisions\/2154"}],"wp:attachment":[{"href":"http:\/\/www.grandyaylaotel.com\/index.php?rest_route=%2Fwp%2Fv2%2Fmedia&parent=2136"}],"curies":[{"name":"wp","href":"https:\/\/api.w.org\/{rel}","templated":true}]}}