{"id":1784,"date":"2026-01-10T11:36:00","date_gmt":"2026-01-10T11:36:00","guid":{"rendered":"http:\/\/www.grandyaylaotel.com\/?page_id=1784"},"modified":"2026-01-12T16:59:40","modified_gmt":"2026-01-12T16:59:40","slug":"anasayfa","status":"publish","type":"page","link":"http:\/\/www.grandyaylaotel.com\/","title":{"rendered":"Anasayfa"},"content":{"rendered":"\n<figure class=\"wp-block-table\"><table><tbody><tr><td class=\"has-text-align-center\" data-align=\"center\"><strong>2026 YAZ SEZONU ERKEN  REZERVASYON F\u0130YATLARIMI<\/strong>Z<br><\/td><\/tr><\/tbody><\/table><\/figure>\n\n\n\n<figure class=\"wp-block-image size-large is-resized is-style-default\"><a href=\"http:\/\/www.grandyaylaotel.com\/wp-content\/uploads\/2026\/01\/2026-FIYAT-SITE.png\"><img loading=\"lazy\" decoding=\"async\" width=\"444\" height=\"532\" src=\"http:\/\/www.grandyaylaotel.com\/wp-content\/uploads\/2026\/01\/2026-FIYAT-SITE.png\" alt=\"\" class=\"wp-image-2129\" style=\"width:640px;height:auto\" srcset=\"http:\/\/www.grandyaylaotel.com\/wp-content\/uploads\/2026\/01\/2026-FIYAT-SITE.png 444w, http:\/\/www.grandyaylaotel.com\/wp-content\/uploads\/2026\/01\/2026-FIYAT-SITE-250x300.png 250w\" sizes=\"auto, (max-width: 444px) 100vw, 444px\" \/><\/a><\/figure>\n\n\n\n<figure class=\"wp-block-gallery has-nested-images columns-default is-cropped wp-block-gallery-1 is-layout-flex wp-block-gallery-is-layout-flex\"><\/figure>\n","protected":false},"excerpt":{"rendered":"<p>2026 YAZ SEZONU ERKEN REZERVASYON F\u0130YATLARIMIZ<\/p>\n","protected":false},"author":1,"featured_media":0,"parent":0,"menu_order":0,"comment_status":"closed","ping_status":"closed","template":"","meta":{"ngg_post_thumbnail":0,"footnotes":""},"class_list":["post-1784","page","type-page","status-publish","hentry"],"yoast_head":"<!-- This site is optimized with the Yoast SEO plugin v27.5 - https:\/\/yoast.com\/product\/yoast-seo-wordpress\/ -->\n<title>Anasayfa - Grand Yayla Otel<\/title>\n<meta name=\"robots\" content=\"index, follow, max-snippet:-1, max-image-preview:large, max-video-preview:-1\" \/>\n<link rel=\"canonical\" href=\"http:\/\/www.grandyaylaotel.com\/\" \/>\n<meta property=\"og:locale\" content=\"tr_TR\" \/>\n<meta property=\"og:type\" content=\"article\" \/>\n<meta property=\"og:title\" content=\"Anasayfa - Grand Yayla Otel\" \/>\n<meta property=\"og:description\" content=\"2026 YAZ SEZONU ERKEN REZERVASYON F\u0130YATLARIMIZ\" \/>\n<meta property=\"og:url\" content=\"http:\/\/www.grandyaylaotel.com\/\" \/>\n<meta property=\"og:site_name\" content=\"Grand Yayla Otel\" \/>\n<meta property=\"article:modified_time\" content=\"2026-01-12T16:59:40+00:00\" \/>\n<meta property=\"og:image\" content=\"http:\/\/www.grandyaylaotel.com\/wp-content\/uploads\/2026\/01\/2026-FIYAT-SITE.png\" \/>\n\t<meta property=\"og:image:width\" content=\"444\" \/>\n\t<meta property=\"og:image:height\" content=\"532\" \/>\n\t<meta property=\"og:image:type\" content=\"image\/png\" \/>\n<meta name=\"twitter:card\" content=\"summary_large_image\" \/>\n<meta name=\"twitter:label1\" content=\"Tahmini okuma s\u00fcresi\" \/>\n\t<meta name=\"twitter:data1\" content=\"1 dakika\" \/>\n<script type=\"application\/ld+json\" class=\"yoast-schema-graph\">{\"@context\":\"https:\\\/\\\/schema.org\",\"@graph\":[{\"@type\":\"WebPage\",\"@id\":\"http:\\\/\\\/www.grandyaylaotel.com\\\/\",\"url\":\"http:\\\/\\\/www.grandyaylaotel.com\\\/\",\"name\":\"Anasayfa - Grand Yayla Otel\",\"isPartOf\":{\"@id\":\"http:\\\/\\\/www.grandyaylaotel.com\\\/#website\"},\"primaryImageOfPage\":{\"@id\":\"http:\\\/\\\/www.grandyaylaotel.com\\\/#primaryimage\"},\"image\":{\"@id\":\"http:\\\/\\\/www.grandyaylaotel.com\\\/#primaryimage\"},\"thumbnailUrl\":\"http:\\\/\\\/www.grandyaylaotel.com\\\/wp-content\\\/uploads\\\/2026\\\/01\\\/2026-FIYAT-SITE.png\",\"datePublished\":\"2026-01-10T11:36:00+00:00\",\"dateModified\":\"2026-01-12T16:59:40+00:00\",\"breadcrumb\":{\"@id\":\"http:\\\/\\\/www.grandyaylaotel.com\\\/#breadcrumb\"},\"inLanguage\":\"tr\",\"potentialAction\":[{\"@type\":\"ReadAction\",\"target\":[\"http:\\\/\\\/www.grandyaylaotel.com\\\/\"]}]},{\"@type\":\"ImageObject\",\"inLanguage\":\"tr\",\"@id\":\"http:\\\/\\\/www.grandyaylaotel.com\\\/#primaryimage\",\"url\":\"http:\\\/\\\/www.grandyaylaotel.com\\\/wp-content\\\/uploads\\\/2026\\\/01\\\/2026-FIYAT-SITE.png\",\"contentUrl\":\"http:\\\/\\\/www.grandyaylaotel.com\\\/wp-content\\\/uploads\\\/2026\\\/01\\\/2026-FIYAT-SITE.png\",\"width\":444,\"height\":532},{\"@type\":\"BreadcrumbList\",\"@id\":\"http:\\\/\\\/www.grandyaylaotel.com\\\/#breadcrumb\",\"itemListElement\":[{\"@type\":\"ListItem\",\"position\":1,\"name\":\"Anasayfa\",\"item\":\"http:\\\/\\\/www.grandyaylaotel.com\\\/\"},{\"@type\":\"ListItem\",\"position\":2,\"name\":\"Anasayfa\"}]},{\"@type\":\"WebSite\",\"@id\":\"http:\\\/\\\/www.grandyaylaotel.com\\\/#website\",\"url\":\"http:\\\/\\\/www.grandyaylaotel.com\\\/\",\"name\":\"\u00c7e\u015fme Grand Yayla Otel\",\"description\":\"&Ccedil;E\u015eME \\\/ \u0130ZM\u0130R\",\"publisher\":{\"@id\":\"http:\\\/\\\/www.grandyaylaotel.com\\\/#organization\"},\"potentialAction\":[{\"@type\":\"SearchAction\",\"target\":{\"@type\":\"EntryPoint\",\"urlTemplate\":\"http:\\\/\\\/www.grandyaylaotel.com\\\/?s={search_term_string}\"},\"query-input\":{\"@type\":\"PropertyValueSpecification\",\"valueRequired\":true,\"valueName\":\"search_term_string\"}}],\"inLanguage\":\"tr\"},{\"@type\":\"Organization\",\"@id\":\"http:\\\/\\\/www.grandyaylaotel.com\\\/#organization\",\"name\":\"\u00c7e\u015fme Grand Yayla Otel\",\"url\":\"http:\\\/\\\/www.grandyaylaotel.com\\\/\",\"logo\":{\"@type\":\"ImageObject\",\"inLanguage\":\"tr\",\"@id\":\"http:\\\/\\\/www.grandyaylaotel.com\\\/#\\\/schema\\\/logo\\\/image\\\/\",\"url\":\"http:\\\/\\\/www.grandyaylaotel.com\\\/wp-content\\\/uploads\\\/2019\\\/02\\\/cropped-logo.png\",\"contentUrl\":\"http:\\\/\\\/www.grandyaylaotel.com\\\/wp-content\\\/uploads\\\/2019\\\/02\\\/cropped-logo.png\",\"width\":1800,\"height\":800,\"caption\":\"\u00c7e\u015fme Grand Yayla Otel\"},\"image\":{\"@id\":\"http:\\\/\\\/www.grandyaylaotel.com\\\/#\\\/schema\\\/logo\\\/image\\\/\"}}]}<\/script>\n<!-- \/ Yoast SEO plugin. -->","yoast_head_json":{"title":"Anasayfa - Grand Yayla Otel","robots":{"index":"index","follow":"follow","max-snippet":"max-snippet:-1","max-image-preview":"max-image-preview:large","max-video-preview":"max-video-preview:-1"},"canonical":"http:\/\/www.grandyaylaotel.com\/","og_locale":"tr_TR","og_type":"article","og_title":"Anasayfa - Grand Yayla Otel","og_description":"2026 YAZ SEZONU ERKEN REZERVASYON F\u0130YATLARIMIZ","og_url":"http:\/\/www.grandyaylaotel.com\/","og_site_name":"Grand Yayla Otel","article_modified_time":"2026-01-12T16:59:40+00:00","og_image":[{"width":444,"height":532,"url":"http:\/\/www.grandyaylaotel.com\/wp-content\/uploads\/2026\/01\/2026-FIYAT-SITE.png","type":"image\/png"}],"twitter_card":"summary_large_image","twitter_misc":{"Tahmini okuma s\u00fcresi":"1 dakika"},"schema":{"@context":"https:\/\/schema.org","@graph":[{"@type":"WebPage","@id":"http:\/\/www.grandyaylaotel.com\/","url":"http:\/\/www.grandyaylaotel.com\/","name":"Anasayfa - Grand Yayla Otel","isPartOf":{"@id":"http:\/\/www.grandyaylaotel.com\/#website"},"primaryImageOfPage":{"@id":"http:\/\/www.grandyaylaotel.com\/#primaryimage"},"image":{"@id":"http:\/\/www.grandyaylaotel.com\/#primaryimage"},"thumbnailUrl":"http:\/\/www.grandyaylaotel.com\/wp-content\/uploads\/2026\/01\/2026-FIYAT-SITE.png","datePublished":"2026-01-10T11:36:00+00:00","dateModified":"2026-01-12T16:59:40+00:00","breadcrumb":{"@id":"http:\/\/www.grandyaylaotel.com\/#breadcrumb"},"inLanguage":"tr","potentialAction":[{"@type":"ReadAction","target":["http:\/\/www.grandyaylaotel.com\/"]}]},{"@type":"ImageObject","inLanguage":"tr","@id":"http:\/\/www.grandyaylaotel.com\/#primaryimage","url":"http:\/\/www.grandyaylaotel.com\/wp-content\/uploads\/2026\/01\/2026-FIYAT-SITE.png","contentUrl":"http:\/\/www.grandyaylaotel.com\/wp-content\/uploads\/2026\/01\/2026-FIYAT-SITE.png","width":444,"height":532},{"@type":"BreadcrumbList","@id":"http:\/\/www.grandyaylaotel.com\/#breadcrumb","itemListElement":[{"@type":"ListItem","position":1,"name":"Anasayfa","item":"http:\/\/www.grandyaylaotel.com\/"},{"@type":"ListItem","position":2,"name":"Anasayfa"}]},{"@type":"WebSite","@id":"http:\/\/www.grandyaylaotel.com\/#website","url":"http:\/\/www.grandyaylaotel.com\/","name":"\u00c7e\u015fme Grand Yayla Otel","description":"&Ccedil;E\u015eME \/ \u0130ZM\u0130R","publisher":{"@id":"http:\/\/www.grandyaylaotel.com\/#organization"},"potentialAction":[{"@type":"SearchAction","target":{"@type":"EntryPoint","urlTemplate":"http:\/\/www.grandyaylaotel.com\/?s={search_term_string}"},"query-input":{"@type":"PropertyValueSpecification","valueRequired":true,"valueName":"search_term_string"}}],"inLanguage":"tr"},{"@type":"Organization","@id":"http:\/\/www.grandyaylaotel.com\/#organization","name":"\u00c7e\u015fme Grand Yayla Otel","url":"http:\/\/www.grandyaylaotel.com\/","logo":{"@type":"ImageObject","inLanguage":"tr","@id":"http:\/\/www.grandyaylaotel.com\/#\/schema\/logo\/image\/","url":"http:\/\/www.grandyaylaotel.com\/wp-content\/uploads\/2019\/02\/cropped-logo.png","contentUrl":"http:\/\/www.grandyaylaotel.com\/wp-content\/uploads\/2019\/02\/cropped-logo.png","width":1800,"height":800,"caption":"\u00c7e\u015fme Grand Yayla Otel"},"image":{"@id":"http:\/\/www.grandyaylaotel.com\/#\/schema\/logo\/image\/"}}]}},"_links":{"self":[{"href":"http:\/\/www.grandyaylaotel.com\/index.php?rest_route=\/wp\/v2\/pages\/1784","targetHints":{"allow":["GET"]}}],"collection":[{"href":"http:\/\/www.grandyaylaotel.com\/index.php?rest_route=\/wp\/v2\/pages"}],"about":[{"href":"http:\/\/www.grandyaylaotel.com\/index.php?rest_route=\/wp\/v2\/types\/page"}],"author":[{"embeddable":true,"href":"http:\/\/www.grandyaylaotel.com\/index.php?rest_route=\/wp\/v2\/users\/1"}],"replies":[{"embeddable":true,"href":"http:\/\/www.grandyaylaotel.com\/index.php?rest_route=%2Fwp%2Fv2%2Fcomments&post=1784"}],"version-history":[{"count":66,"href":"http:\/\/www.grandyaylaotel.com\/index.php?rest_route=\/wp\/v2\/pages\/1784\/revisions"}],"predecessor-version":[{"id":2134,"href":"http:\/\/www.grandyaylaotel.com\/index.php?rest_route=\/wp\/v2\/pages\/1784\/revisions\/2134"}],"wp:attachment":[{"href":"http:\/\/www.grandyaylaotel.com\/index.php?rest_route=%2Fwp%2Fv2%2Fmedia&parent=1784"}],"curies":[{"name":"wp","href":"https:\/\/api.w.org\/{rel}","templated":true}]}}