{"id":1621,"date":"2018-05-12T00:24:38","date_gmt":"2018-05-12T00:24:38","guid":{"rendered":"http:\/\/www.grandyaylaotel.com\/?page_id=1621"},"modified":"2019-05-03T00:12:16","modified_gmt":"2019-05-03T00:12:16","slug":"gallery","status":"publish","type":"page","link":"http:\/\/www.grandyaylaotel.com\/?page_id=1621","title":{"rendered":"Galeri"},"content":{"rendered":"ngg_shortcode_0_placeholder\n","protected":false},"excerpt":{"rendered":"","protected":false},"author":1,"featured_media":0,"parent":0,"menu_order":0,"comment_status":"closed","ping_status":"closed","template":"","meta":{"ngg_post_thumbnail":0,"footnotes":""},"class_list":["post-1621","page","type-page","status-publish","hentry"],"yoast_head":"<!-- This site is optimized with the Yoast SEO plugin v27.5 - https:\/\/yoast.com\/product\/yoast-seo-wordpress\/ -->\n<title>Galeri - Grand Yayla Otel<\/title>\n<meta name=\"robots\" content=\"index, follow, max-snippet:-1, max-image-preview:large, max-video-preview:-1\" \/>\n<link rel=\"canonical\" href=\"http:\/\/www.grandyaylaotel.com\/?page_id=1621\" \/>\n<meta property=\"og:locale\" content=\"tr_TR\" \/>\n<meta property=\"og:type\" content=\"article\" \/>\n<meta property=\"og:title\" content=\"Galeri - Grand Yayla Otel\" \/>\n<meta property=\"og:url\" content=\"http:\/\/www.grandyaylaotel.com\/?page_id=1621\" \/>\n<meta property=\"og:site_name\" content=\"Grand Yayla Otel\" \/>\n<meta property=\"article:modified_time\" content=\"2019-05-03T00:12:16+00:00\" \/>\n<meta name=\"twitter:card\" content=\"summary_large_image\" \/>\n<script type=\"application\/ld+json\" class=\"yoast-schema-graph\">{\"@context\":\"https:\\\/\\\/schema.org\",\"@graph\":[{\"@type\":\"WebPage\",\"@id\":\"http:\\\/\\\/www.grandyaylaotel.com\\\/?page_id=1621\",\"url\":\"http:\\\/\\\/www.grandyaylaotel.com\\\/?page_id=1621\",\"name\":\"Galeri - Grand Yayla Otel\",\"isPartOf\":{\"@id\":\"http:\\\/\\\/www.grandyaylaotel.com\\\/#website\"},\"datePublished\":\"2018-05-12T00:24:38+00:00\",\"dateModified\":\"2019-05-03T00:12:16+00:00\",\"breadcrumb\":{\"@id\":\"http:\\\/\\\/www.grandyaylaotel.com\\\/?page_id=1621#breadcrumb\"},\"inLanguage\":\"tr\",\"potentialAction\":[{\"@type\":\"ReadAction\",\"target\":[\"http:\\\/\\\/www.grandyaylaotel.com\\\/?page_id=1621\"]}]},{\"@type\":\"BreadcrumbList\",\"@id\":\"http:\\\/\\\/www.grandyaylaotel.com\\\/?page_id=1621#breadcrumb\",\"itemListElement\":[{\"@type\":\"ListItem\",\"position\":1,\"name\":\"Anasayfa\",\"item\":\"http:\\\/\\\/www.grandyaylaotel.com\\\/\"},{\"@type\":\"ListItem\",\"position\":2,\"name\":\"Galeri\"}]},{\"@type\":\"WebSite\",\"@id\":\"http:\\\/\\\/www.grandyaylaotel.com\\\/#website\",\"url\":\"http:\\\/\\\/www.grandyaylaotel.com\\\/\",\"name\":\"\u00c7e\u015fme Grand Yayla Otel\",\"description\":\"&Ccedil;E\u015eME \\\/ \u0130ZM\u0130R\",\"publisher\":{\"@id\":\"http:\\\/\\\/www.grandyaylaotel.com\\\/#organization\"},\"potentialAction\":[{\"@type\":\"SearchAction\",\"target\":{\"@type\":\"EntryPoint\",\"urlTemplate\":\"http:\\\/\\\/www.grandyaylaotel.com\\\/?s={search_term_string}\"},\"query-input\":{\"@type\":\"PropertyValueSpecification\",\"valueRequired\":true,\"valueName\":\"search_term_string\"}}],\"inLanguage\":\"tr\"},{\"@type\":\"Organization\",\"@id\":\"http:\\\/\\\/www.grandyaylaotel.com\\\/#organization\",\"name\":\"\u00c7e\u015fme Grand Yayla Otel\",\"url\":\"http:\\\/\\\/www.grandyaylaotel.com\\\/\",\"logo\":{\"@type\":\"ImageObject\",\"inLanguage\":\"tr\",\"@id\":\"http:\\\/\\\/www.grandyaylaotel.com\\\/#\\\/schema\\\/logo\\\/image\\\/\",\"url\":\"http:\\\/\\\/www.grandyaylaotel.com\\\/wp-content\\\/uploads\\\/2019\\\/02\\\/cropped-logo.png\",\"contentUrl\":\"http:\\\/\\\/www.grandyaylaotel.com\\\/wp-content\\\/uploads\\\/2019\\\/02\\\/cropped-logo.png\",\"width\":1800,\"height\":800,\"caption\":\"\u00c7e\u015fme Grand Yayla Otel\"},\"image\":{\"@id\":\"http:\\\/\\\/www.grandyaylaotel.com\\\/#\\\/schema\\\/logo\\\/image\\\/\"}}]}<\/script>\n<!-- \/ Yoast SEO plugin. -->","yoast_head_json":{"title":"Galeri - Grand Yayla Otel","robots":{"index":"index","follow":"follow","max-snippet":"max-snippet:-1","max-image-preview":"max-image-preview:large","max-video-preview":"max-video-preview:-1"},"canonical":"http:\/\/www.grandyaylaotel.com\/?page_id=1621","og_locale":"tr_TR","og_type":"article","og_title":"Galeri - Grand Yayla Otel","og_url":"http:\/\/www.grandyaylaotel.com\/?page_id=1621","og_site_name":"Grand Yayla Otel","article_modified_time":"2019-05-03T00:12:16+00:00","twitter_card":"summary_large_image","schema":{"@context":"https:\/\/schema.org","@graph":[{"@type":"WebPage","@id":"http:\/\/www.grandyaylaotel.com\/?page_id=1621","url":"http:\/\/www.grandyaylaotel.com\/?page_id=1621","name":"Galeri - Grand Yayla Otel","isPartOf":{"@id":"http:\/\/www.grandyaylaotel.com\/#website"},"datePublished":"2018-05-12T00:24:38+00:00","dateModified":"2019-05-03T00:12:16+00:00","breadcrumb":{"@id":"http:\/\/www.grandyaylaotel.com\/?page_id=1621#breadcrumb"},"inLanguage":"tr","potentialAction":[{"@type":"ReadAction","target":["http:\/\/www.grandyaylaotel.com\/?page_id=1621"]}]},{"@type":"BreadcrumbList","@id":"http:\/\/www.grandyaylaotel.com\/?page_id=1621#breadcrumb","itemListElement":[{"@type":"ListItem","position":1,"name":"Anasayfa","item":"http:\/\/www.grandyaylaotel.com\/"},{"@type":"ListItem","position":2,"name":"Galeri"}]},{"@type":"WebSite","@id":"http:\/\/www.grandyaylaotel.com\/#website","url":"http:\/\/www.grandyaylaotel.com\/","name":"\u00c7e\u015fme Grand Yayla Otel","description":"&Ccedil;E\u015eME \/ \u0130ZM\u0130R","publisher":{"@id":"http:\/\/www.grandyaylaotel.com\/#organization"},"potentialAction":[{"@type":"SearchAction","target":{"@type":"EntryPoint","urlTemplate":"http:\/\/www.grandyaylaotel.com\/?s={search_term_string}"},"query-input":{"@type":"PropertyValueSpecification","valueRequired":true,"valueName":"search_term_string"}}],"inLanguage":"tr"},{"@type":"Organization","@id":"http:\/\/www.grandyaylaotel.com\/#organization","name":"\u00c7e\u015fme Grand Yayla Otel","url":"http:\/\/www.grandyaylaotel.com\/","logo":{"@type":"ImageObject","inLanguage":"tr","@id":"http:\/\/www.grandyaylaotel.com\/#\/schema\/logo\/image\/","url":"http:\/\/www.grandyaylaotel.com\/wp-content\/uploads\/2019\/02\/cropped-logo.png","contentUrl":"http:\/\/www.grandyaylaotel.com\/wp-content\/uploads\/2019\/02\/cropped-logo.png","width":1800,"height":800,"caption":"\u00c7e\u015fme Grand Yayla Otel"},"image":{"@id":"http:\/\/www.grandyaylaotel.com\/#\/schema\/logo\/image\/"}}]}},"_links":{"self":[{"href":"http:\/\/www.grandyaylaotel.com\/index.php?rest_route=\/wp\/v2\/pages\/1621","targetHints":{"allow":["GET"]}}],"collection":[{"href":"http:\/\/www.grandyaylaotel.com\/index.php?rest_route=\/wp\/v2\/pages"}],"about":[{"href":"http:\/\/www.grandyaylaotel.com\/index.php?rest_route=\/wp\/v2\/types\/page"}],"author":[{"embeddable":true,"href":"http:\/\/www.grandyaylaotel.com\/index.php?rest_route=\/wp\/v2\/users\/1"}],"replies":[{"embeddable":true,"href":"http:\/\/www.grandyaylaotel.com\/index.php?rest_route=%2Fwp%2Fv2%2Fcomments&post=1621"}],"version-history":[{"count":15,"href":"http:\/\/www.grandyaylaotel.com\/index.php?rest_route=\/wp\/v2\/pages\/1621\/revisions"}],"predecessor-version":[{"id":1899,"href":"http:\/\/www.grandyaylaotel.com\/index.php?rest_route=\/wp\/v2\/pages\/1621\/revisions\/1899"}],"wp:attachment":[{"href":"http:\/\/www.grandyaylaotel.com\/index.php?rest_route=%2Fwp%2Fv2%2Fmedia&parent=1621"}],"curies":[{"name":"wp","href":"https:\/\/api.w.org\/{rel}","templated":true}]}}