{"id":1458,"date":"2018-05-12T00:18:55","date_gmt":"2018-05-12T00:18:55","guid":{"rendered":"http:\/\/www.grandyaylaotel.com\/?page_id=1458"},"modified":"2019-03-02T22:39:42","modified_gmt":"2019-03-02T22:39:42","slug":"bize-ulasin","status":"publish","type":"page","link":"http:\/\/www.grandyaylaotel.com\/?page_id=1458","title":{"rendered":"Bize Ula\u015f\u0131n"},"content":{"rendered":"<div class=\"icon icon-primary\"><i class=\"fas fa-map-marked-alt\"><\/i> Sakarya Mahallesi 3100 Sokak No: 1 (Cadde Plus yan\u0131) \u00c7e\u015fme\/\u0130zmir\/T\u00dcRK\u0130YE<\/div>\n<p><\/p>\n<div class=\"icon icon-primary\"><i class=\"fas fa-phone-square\"><\/i> <a href=\"tel:\/\/02327120206\">0232 712 02 06<\/a><\/div>\n<p><\/p>\n<div class=\"icon icon-primary\"><i class=\"fas fa-mobile\"><\/i> <a href=\"tel:\/\/05439633601\">0543 963 36 01<\/a><\/div>\n<p><\/p>\n<div class=\"icon icon-primary\"><i class=\"fab fa-facebook\"><\/i> <a href=\"http:\/\/www.facebook.com\/oktay.yayla\" target=\"_blank\" rel=\"noopener noreferrer\">facebook.com\/oktay.yayla<\/a><\/div>\n<p><\/p>\n<div class=\"icon icon-primary\"><i class=\"fab fa-facebook\"><\/i> <a href=\"https:\/\/www.facebook.com\/Grand-Yayla-Otel-432959627153761\/\" target=\"_blank\" rel=\"noopener noreferrer\">facebook.com\/Grand Yayla Otel<\/a><\/div>\n<p><\/p>\n<div class=\"icon icon-primary\"><i class=\"fas fa-envelope\"><\/i> <a href=\"mailto:oktay.yayla@mynet.com\">oktay.yayla@mynet.com<\/a><\/div>\n<p><\/p>\n<div class=\"icon icon-primary\"><i class=\"fas fa-envelope\"><\/i> <a href=\"mailto:grandyaylaotel@mynet.com\">grandyaylaotel@mynet.com<\/a><\/div>\n<p>&nbsp;<\/p>\n<p>\u0130zmir 70km \u2013 Havaalan\u0131 90km \u2013 Efes 150km<br \/>\nKu\u015fadas\u0131 165km \u2013 Bergama 175km \u2013 Pamukkale 315km<br \/>\nIl\u0131ca &nbsp;5km \u2013 Ala\u00e7at\u0131 7km \u2013 Dalyan 5km -Ild\u0131r 20km \u00c7iftlik k\u00f6y 5 km Ayayorgi koyu 2 km<\/p>\n","protected":false},"excerpt":{"rendered":"<p>Sakarya Mahallesi 3100 Sokak No: 1 (Cadde Plus yan\u0131) \u00c7e\u015fme\/\u0130zmir\/T\u00dcRK\u0130YE 0232 712 02 06 0543 963 36 01 facebook.com\/oktay.yayla facebook.com\/Grand&hellip;<\/p>\n","protected":false},"author":1,"featured_media":0,"parent":0,"menu_order":0,"comment_status":"closed","ping_status":"closed","template":"","meta":{"ngg_post_thumbnail":0,"footnotes":""},"class_list":["post-1458","page","type-page","status-publish","hentry"],"yoast_head":"<!-- This site is optimized with the Yoast SEO plugin v27.5 - https:\/\/yoast.com\/product\/yoast-seo-wordpress\/ -->\n<title>Bize Ula\u015f\u0131n - Grand Yayla Otel<\/title>\n<meta name=\"robots\" content=\"index, follow, max-snippet:-1, max-image-preview:large, max-video-preview:-1\" \/>\n<link rel=\"canonical\" href=\"http:\/\/www.grandyaylaotel.com\/?page_id=1458\" \/>\n<meta property=\"og:locale\" content=\"tr_TR\" \/>\n<meta property=\"og:type\" content=\"article\" \/>\n<meta property=\"og:title\" content=\"Bize Ula\u015f\u0131n - Grand Yayla Otel\" \/>\n<meta property=\"og:description\" content=\"Sakarya Mahallesi 3100 Sokak No: 1 (Cadde Plus yan\u0131) \u00c7e\u015fme\/\u0130zmir\/T\u00dcRK\u0130YE 0232 712 02 06 0543 963 36 01 facebook.com\/oktay.yayla facebook.com\/Grand&hellip;\" \/>\n<meta property=\"og:url\" content=\"http:\/\/www.grandyaylaotel.com\/?page_id=1458\" \/>\n<meta property=\"og:site_name\" content=\"Grand Yayla Otel\" \/>\n<meta property=\"article:modified_time\" content=\"2019-03-02T22:39:42+00:00\" \/>\n<meta name=\"twitter:card\" content=\"summary_large_image\" \/>\n<script type=\"application\/ld+json\" class=\"yoast-schema-graph\">{\"@context\":\"https:\\\/\\\/schema.org\",\"@graph\":[{\"@type\":\"WebPage\",\"@id\":\"http:\\\/\\\/www.grandyaylaotel.com\\\/?page_id=1458\",\"url\":\"http:\\\/\\\/www.grandyaylaotel.com\\\/?page_id=1458\",\"name\":\"Bize Ula\u015f\u0131n - Grand Yayla Otel\",\"isPartOf\":{\"@id\":\"http:\\\/\\\/www.grandyaylaotel.com\\\/#website\"},\"datePublished\":\"2018-05-12T00:18:55+00:00\",\"dateModified\":\"2019-03-02T22:39:42+00:00\",\"breadcrumb\":{\"@id\":\"http:\\\/\\\/www.grandyaylaotel.com\\\/?page_id=1458#breadcrumb\"},\"inLanguage\":\"tr\",\"potentialAction\":[{\"@type\":\"ReadAction\",\"target\":[\"http:\\\/\\\/www.grandyaylaotel.com\\\/?page_id=1458\"]}]},{\"@type\":\"BreadcrumbList\",\"@id\":\"http:\\\/\\\/www.grandyaylaotel.com\\\/?page_id=1458#breadcrumb\",\"itemListElement\":[{\"@type\":\"ListItem\",\"position\":1,\"name\":\"Anasayfa\",\"item\":\"http:\\\/\\\/www.grandyaylaotel.com\\\/\"},{\"@type\":\"ListItem\",\"position\":2,\"name\":\"Bize Ula\u015f\u0131n\"}]},{\"@type\":\"WebSite\",\"@id\":\"http:\\\/\\\/www.grandyaylaotel.com\\\/#website\",\"url\":\"http:\\\/\\\/www.grandyaylaotel.com\\\/\",\"name\":\"\u00c7e\u015fme Grand Yayla Otel\",\"description\":\"&Ccedil;E\u015eME \\\/ \u0130ZM\u0130R\",\"publisher\":{\"@id\":\"http:\\\/\\\/www.grandyaylaotel.com\\\/#organization\"},\"potentialAction\":[{\"@type\":\"SearchAction\",\"target\":{\"@type\":\"EntryPoint\",\"urlTemplate\":\"http:\\\/\\\/www.grandyaylaotel.com\\\/?s={search_term_string}\"},\"query-input\":{\"@type\":\"PropertyValueSpecification\",\"valueRequired\":true,\"valueName\":\"search_term_string\"}}],\"inLanguage\":\"tr\"},{\"@type\":\"Organization\",\"@id\":\"http:\\\/\\\/www.grandyaylaotel.com\\\/#organization\",\"name\":\"\u00c7e\u015fme Grand Yayla Otel\",\"url\":\"http:\\\/\\\/www.grandyaylaotel.com\\\/\",\"logo\":{\"@type\":\"ImageObject\",\"inLanguage\":\"tr\",\"@id\":\"http:\\\/\\\/www.grandyaylaotel.com\\\/#\\\/schema\\\/logo\\\/image\\\/\",\"url\":\"http:\\\/\\\/www.grandyaylaotel.com\\\/wp-content\\\/uploads\\\/2019\\\/02\\\/cropped-logo.png\",\"contentUrl\":\"http:\\\/\\\/www.grandyaylaotel.com\\\/wp-content\\\/uploads\\\/2019\\\/02\\\/cropped-logo.png\",\"width\":1800,\"height\":800,\"caption\":\"\u00c7e\u015fme Grand Yayla Otel\"},\"image\":{\"@id\":\"http:\\\/\\\/www.grandyaylaotel.com\\\/#\\\/schema\\\/logo\\\/image\\\/\"}}]}<\/script>\n<!-- \/ Yoast SEO plugin. -->","yoast_head_json":{"title":"Bize Ula\u015f\u0131n - Grand Yayla Otel","robots":{"index":"index","follow":"follow","max-snippet":"max-snippet:-1","max-image-preview":"max-image-preview:large","max-video-preview":"max-video-preview:-1"},"canonical":"http:\/\/www.grandyaylaotel.com\/?page_id=1458","og_locale":"tr_TR","og_type":"article","og_title":"Bize Ula\u015f\u0131n - Grand Yayla Otel","og_description":"Sakarya Mahallesi 3100 Sokak No: 1 (Cadde Plus yan\u0131) \u00c7e\u015fme\/\u0130zmir\/T\u00dcRK\u0130YE 0232 712 02 06 0543 963 36 01 facebook.com\/oktay.yayla facebook.com\/Grand&hellip;","og_url":"http:\/\/www.grandyaylaotel.com\/?page_id=1458","og_site_name":"Grand Yayla Otel","article_modified_time":"2019-03-02T22:39:42+00:00","twitter_card":"summary_large_image","schema":{"@context":"https:\/\/schema.org","@graph":[{"@type":"WebPage","@id":"http:\/\/www.grandyaylaotel.com\/?page_id=1458","url":"http:\/\/www.grandyaylaotel.com\/?page_id=1458","name":"Bize Ula\u015f\u0131n - Grand Yayla Otel","isPartOf":{"@id":"http:\/\/www.grandyaylaotel.com\/#website"},"datePublished":"2018-05-12T00:18:55+00:00","dateModified":"2019-03-02T22:39:42+00:00","breadcrumb":{"@id":"http:\/\/www.grandyaylaotel.com\/?page_id=1458#breadcrumb"},"inLanguage":"tr","potentialAction":[{"@type":"ReadAction","target":["http:\/\/www.grandyaylaotel.com\/?page_id=1458"]}]},{"@type":"BreadcrumbList","@id":"http:\/\/www.grandyaylaotel.com\/?page_id=1458#breadcrumb","itemListElement":[{"@type":"ListItem","position":1,"name":"Anasayfa","item":"http:\/\/www.grandyaylaotel.com\/"},{"@type":"ListItem","position":2,"name":"Bize Ula\u015f\u0131n"}]},{"@type":"WebSite","@id":"http:\/\/www.grandyaylaotel.com\/#website","url":"http:\/\/www.grandyaylaotel.com\/","name":"\u00c7e\u015fme Grand Yayla Otel","description":"&Ccedil;E\u015eME \/ \u0130ZM\u0130R","publisher":{"@id":"http:\/\/www.grandyaylaotel.com\/#organization"},"potentialAction":[{"@type":"SearchAction","target":{"@type":"EntryPoint","urlTemplate":"http:\/\/www.grandyaylaotel.com\/?s={search_term_string}"},"query-input":{"@type":"PropertyValueSpecification","valueRequired":true,"valueName":"search_term_string"}}],"inLanguage":"tr"},{"@type":"Organization","@id":"http:\/\/www.grandyaylaotel.com\/#organization","name":"\u00c7e\u015fme Grand Yayla Otel","url":"http:\/\/www.grandyaylaotel.com\/","logo":{"@type":"ImageObject","inLanguage":"tr","@id":"http:\/\/www.grandyaylaotel.com\/#\/schema\/logo\/image\/","url":"http:\/\/www.grandyaylaotel.com\/wp-content\/uploads\/2019\/02\/cropped-logo.png","contentUrl":"http:\/\/www.grandyaylaotel.com\/wp-content\/uploads\/2019\/02\/cropped-logo.png","width":1800,"height":800,"caption":"\u00c7e\u015fme Grand Yayla Otel"},"image":{"@id":"http:\/\/www.grandyaylaotel.com\/#\/schema\/logo\/image\/"}}]}},"_links":{"self":[{"href":"http:\/\/www.grandyaylaotel.com\/index.php?rest_route=\/wp\/v2\/pages\/1458","targetHints":{"allow":["GET"]}}],"collection":[{"href":"http:\/\/www.grandyaylaotel.com\/index.php?rest_route=\/wp\/v2\/pages"}],"about":[{"href":"http:\/\/www.grandyaylaotel.com\/index.php?rest_route=\/wp\/v2\/types\/page"}],"author":[{"embeddable":true,"href":"http:\/\/www.grandyaylaotel.com\/index.php?rest_route=\/wp\/v2\/users\/1"}],"replies":[{"embeddable":true,"href":"http:\/\/www.grandyaylaotel.com\/index.php?rest_route=%2Fwp%2Fv2%2Fcomments&post=1458"}],"version-history":[{"count":28,"href":"http:\/\/www.grandyaylaotel.com\/index.php?rest_route=\/wp\/v2\/pages\/1458\/revisions"}],"predecessor-version":[{"id":1849,"href":"http:\/\/www.grandyaylaotel.com\/index.php?rest_route=\/wp\/v2\/pages\/1458\/revisions\/1849"}],"wp:attachment":[{"href":"http:\/\/www.grandyaylaotel.com\/index.php?rest_route=%2Fwp%2Fv2%2Fmedia&parent=1458"}],"curies":[{"name":"wp","href":"https:\/\/api.w.org\/{rel}","templated":true}]}}